{"id":11,"date":"2020-08-19T07:57:37","date_gmt":"2020-08-19T07:57:37","guid":{"rendered":"https:\/\/anco-holzkunst.de\/?page_id=11"},"modified":"2026-02-20T10:14:39","modified_gmt":"2026-02-20T10:14:39","slug":"holzkunst","status":"publish","type":"page","link":"https:\/\/anco-holzkunst.de\/?page_id=11","title":{"rendered":"Meine Kunst gegen Rechts"},"content":{"rendered":"\n<div class=\"wp-block-columns is-layout-flex wp-container-core-columns-is-layout-9d6595d7 wp-block-columns-is-layout-flex\">\n<div class=\"wp-block-column is-layout-flow wp-block-column-is-layout-flow\">\n<figure class=\"wp-block-image size-large\"><img loading=\"lazy\" decoding=\"async\" width=\"627\" height=\"1024\" src=\"https:\/\/anco-holzkunst.de\/wp-content\/uploads\/2021\/04\/Reise-ohne-Wiederkehr_ergebnis-627x1024.jpg\" alt=\"\" class=\"wp-image-467\" srcset=\"https:\/\/anco-holzkunst.de\/wp-content\/uploads\/2021\/04\/Reise-ohne-Wiederkehr_ergebnis-627x1024.jpg 627w, https:\/\/anco-holzkunst.de\/wp-content\/uploads\/2021\/04\/Reise-ohne-Wiederkehr_ergebnis-184x300.jpg 184w, https:\/\/anco-holzkunst.de\/wp-content\/uploads\/2021\/04\/Reise-ohne-Wiederkehr_ergebnis-768x1254.jpg 768w, https:\/\/anco-holzkunst.de\/wp-content\/uploads\/2021\/04\/Reise-ohne-Wiederkehr_ergebnis-941x1536.jpg 941w, https:\/\/anco-holzkunst.de\/wp-content\/uploads\/2021\/04\/Reise-ohne-Wiederkehr_ergebnis-1254x2048.jpg 1254w, https:\/\/anco-holzkunst.de\/wp-content\/uploads\/2021\/04\/Reise-ohne-Wiederkehr_ergebnis-scaled.jpg 1568w\" sizes=\"auto, (max-width: 627px) 100vw, 627px\" \/><figcaption class=\"wp-element-caption\"><mark style=\"background-color:#000000\" class=\"has-inline-color has-white-color\">Reise ohne Wiederkehr<\/mark> <mark style=\"background-color:#000000\" class=\"has-inline-color has-white-color\">&#8211; H\u00f6he 50cm<\/mark><br><br> <\/figcaption><\/figure>\n<\/div>\n\n\n\n<div class=\"wp-block-column is-layout-flow wp-block-column-is-layout-flow\">\n<figure class=\"wp-block-image size-large\"><img loading=\"lazy\" decoding=\"async\" width=\"654\" height=\"1024\" src=\"https:\/\/anco-holzkunst.de\/wp-content\/uploads\/2021\/04\/IMG_8049_ergebnis-654x1024.jpg\" alt=\"\" class=\"wp-image-455\" srcset=\"https:\/\/anco-holzkunst.de\/wp-content\/uploads\/2021\/04\/IMG_8049_ergebnis-654x1024.jpg 654w, https:\/\/anco-holzkunst.de\/wp-content\/uploads\/2021\/04\/IMG_8049_ergebnis-192x300.jpg 192w, https:\/\/anco-holzkunst.de\/wp-content\/uploads\/2021\/04\/IMG_8049_ergebnis-768x1202.jpg 768w, https:\/\/anco-holzkunst.de\/wp-content\/uploads\/2021\/04\/IMG_8049_ergebnis-982x1536.jpg 982w, https:\/\/anco-holzkunst.de\/wp-content\/uploads\/2021\/04\/IMG_8049_ergebnis-1309x2048.jpg 1309w, https:\/\/anco-holzkunst.de\/wp-content\/uploads\/2021\/04\/IMG_8049_ergebnis-scaled.jpg 1636w\" sizes=\"auto, (max-width: 654px) 100vw, 654px\" \/><\/figure>\n<\/div>\n<\/div>\n\n\n\n<div class=\"wp-block-columns is-layout-flex wp-container-core-columns-is-layout-9d6595d7 wp-block-columns-is-layout-flex\">\n<div class=\"wp-block-column is-layout-flow wp-block-column-is-layout-flow\">\n<p>Zu der \u201eReise ohne Wiederkehr\u201c hat mich meine Arbeit als Stattf\u00fchrer (Stolpersteine und Trier in der NS-Zeit) bei der Arbeitsgemeinschaft Frieden (AGF) inspiriert.<br>Ein altes St\u00fcck Eichenholz symbolisiert die Bahnschwellen, die nach Auschwitz f\u00fchren, das Loch im Holz symbolisiert die Sichtschlitze in den Viehwaggons, der rote Koffer symbolisiert die letzte Habe eines kleinen M\u00e4dchens auf dem Weg ins KZ, die wei\u00dfe Farbe symbolisiert den Tod.<\/p>\n<\/div>\n<\/div>\n\n\n\n<div class=\"wp-block-columns is-layout-flex wp-container-core-columns-is-layout-9d6595d7 wp-block-columns-is-layout-flex\">\n<div class=\"wp-block-column is-layout-flow wp-block-column-is-layout-flow\"><\/div>\n\n\n\n<div class=\"wp-block-column is-layout-flow wp-block-column-is-layout-flow\"><\/div>\n\n\n\n<div class=\"wp-block-column is-layout-flow wp-block-column-is-layout-flow\"><\/div>\n<\/div>\n\n\n\n<div class=\"wp-block-columns is-layout-flex wp-container-core-columns-is-layout-9d6595d7 wp-block-columns-is-layout-flex\">\n<div class=\"wp-block-column is-layout-flow wp-block-column-is-layout-flow\">\n<figure class=\"wp-block-image size-large\"><a href=\"https:\/\/anco-holzkunst.de\/wp-content\/uploads\/2026\/02\/61859_FREI_AnCo_1-scaled.jpeg\"><img loading=\"lazy\" decoding=\"async\" width=\"768\" height=\"1024\" src=\"https:\/\/anco-holzkunst.de\/wp-content\/uploads\/2026\/02\/61859_FREI_AnCo_1-768x1024.jpeg\" alt=\"\" class=\"wp-image-1773\" srcset=\"https:\/\/anco-holzkunst.de\/wp-content\/uploads\/2026\/02\/61859_FREI_AnCo_1-768x1024.jpeg 768w, https:\/\/anco-holzkunst.de\/wp-content\/uploads\/2026\/02\/61859_FREI_AnCo_1-225x300.jpeg 225w, https:\/\/anco-holzkunst.de\/wp-content\/uploads\/2026\/02\/61859_FREI_AnCo_1-1152x1536.jpeg 1152w, https:\/\/anco-holzkunst.de\/wp-content\/uploads\/2026\/02\/61859_FREI_AnCo_1-1536x2048.jpeg 1536w, https:\/\/anco-holzkunst.de\/wp-content\/uploads\/2026\/02\/61859_FREI_AnCo_1-scaled.jpeg 1920w\" sizes=\"auto, (max-width: 767px) 89vw, (max-width: 1000px) 54vw, (max-width: 1071px) 543px, 580px\" \/><\/a><figcaption class=\"wp-element-caption\"><mark style=\"background-color:#000000\" class=\"has-inline-color has-white-color\"><strong>61859 Frei<\/strong> &#8211; H\u00f6he 150cm &#8211; Eiche mit Stacheldraht<\/mark><\/figcaption><\/figure>\n<\/div>\n\n\n\n<div class=\"wp-block-column is-layout-flow wp-block-column-is-layout-flow\">\n<figure class=\"wp-block-image size-large\"><a href=\"https:\/\/anco-holzkunst.de\/wp-content\/uploads\/2026\/02\/61850_FREI_AnCo_4-scaled.jpeg\"><img loading=\"lazy\" decoding=\"async\" width=\"462\" height=\"1024\" src=\"https:\/\/anco-holzkunst.de\/wp-content\/uploads\/2026\/02\/61850_FREI_AnCo_4-462x1024.jpeg\" alt=\"\" class=\"wp-image-1772\" srcset=\"https:\/\/anco-holzkunst.de\/wp-content\/uploads\/2026\/02\/61850_FREI_AnCo_4-462x1024.jpeg 462w, https:\/\/anco-holzkunst.de\/wp-content\/uploads\/2026\/02\/61850_FREI_AnCo_4-135x300.jpeg 135w, https:\/\/anco-holzkunst.de\/wp-content\/uploads\/2026\/02\/61850_FREI_AnCo_4-768x1701.jpeg 768w, https:\/\/anco-holzkunst.de\/wp-content\/uploads\/2026\/02\/61850_FREI_AnCo_4-694x1536.jpeg 694w, https:\/\/anco-holzkunst.de\/wp-content\/uploads\/2026\/02\/61850_FREI_AnCo_4-925x2048.jpeg 925w, https:\/\/anco-holzkunst.de\/wp-content\/uploads\/2026\/02\/61850_FREI_AnCo_4-scaled.jpeg 1156w\" sizes=\"auto, (max-width: 462px) 100vw, 462px\" \/><\/a><\/figure>\n<\/div>\n<\/div>\n\n\n\n<div class=\"wp-block-columns is-layout-flex wp-container-core-columns-is-layout-9d6595d7 wp-block-columns-is-layout-flex\">\n<div class=\"wp-block-column is-layout-flow wp-block-column-is-layout-flow\"><\/div>\n<\/div>\n\n\n\n<h2 class=\"wp-block-heading\"><\/h2>\n\n\n\n<p>Die Skulptur aus 300-j\u00e4hrigem Eichenholz zeigt einen KZ-H\u00e4ftling, der kurz zuvor erschossen wurde. Der Stacheldraht um ihn herum symbolisiert das Eingesperrtsein.<\/p>\n\n\n\n<p>Die eingebrannten Zahlen sollen daran erinnern, dass die Menschen nur noch Nummern waren. Die Reihenfolge der Buchstaben (6, 18, 5 und 9) im Alphabet ergeben das Wort FREI.<\/p>\n\n\n\n<div class=\"wp-block-columns is-layout-flex wp-container-core-columns-is-layout-9d6595d7 wp-block-columns-is-layout-flex\">\n<div class=\"wp-block-column is-layout-flow wp-block-column-is-layout-flow\" style=\"flex-basis:48%\"><\/div>\n\n\n\n<div class=\"wp-block-column is-layout-flow wp-block-column-is-layout-flow\"><\/div>\n<\/div>\n\n\n\n<div class=\"wp-block-columns is-layout-flex wp-container-core-columns-is-layout-9d6595d7 wp-block-columns-is-layout-flex\">\n<div class=\"wp-block-column is-layout-flow wp-block-column-is-layout-flow\"><\/div>\n<\/div>\n\n\n\n<div class=\"wp-block-columns is-layout-flex wp-container-core-columns-is-layout-9d6595d7 wp-block-columns-is-layout-flex\">\n<div class=\"wp-block-column is-layout-flow wp-block-column-is-layout-flow\"><\/div>\n\n\n\n<div class=\"wp-block-column is-layout-flow wp-block-column-is-layout-flow\">\n<div class=\"wp-block-columns is-layout-flex wp-container-core-columns-is-layout-9d6595d7 wp-block-columns-is-layout-flex\">\n<div class=\"wp-block-column is-layout-flow wp-block-column-is-layout-flow\"><\/div>\n\n\n\n<div class=\"wp-block-column is-layout-flow wp-block-column-is-layout-flow\"><\/div>\n<\/div>\n<\/div>\n<\/div>\n\n\n\n<div class=\"wp-block-columns is-layout-flex wp-container-core-columns-is-layout-9d6595d7 wp-block-columns-is-layout-flex\">\n<div class=\"wp-block-column is-layout-flow wp-block-column-is-layout-flow\"><\/div>\n\n\n\n<div class=\"wp-block-column is-layout-flow wp-block-column-is-layout-flow\"><\/div>\n<\/div>\n\n\n\n<div class=\"wp-block-columns is-layout-flex wp-container-core-columns-is-layout-9d6595d7 wp-block-columns-is-layout-flex\">\n<div class=\"wp-block-column is-layout-flow wp-block-column-is-layout-flow\">\n<div class=\"wp-block-columns is-layout-flex wp-container-core-columns-is-layout-9d6595d7 wp-block-columns-is-layout-flex\">\n<div class=\"wp-block-column is-layout-flow wp-block-column-is-layout-flow\">\n<p><\/p>\n<\/div>\n\n\n\n<div class=\"wp-block-column is-layout-flow wp-block-column-is-layout-flow\"><\/div>\n<\/div>\n<\/div>\n<\/div>\n\n\n\n<div class=\"wp-block-columns is-layout-flex wp-container-core-columns-is-layout-9d6595d7 wp-block-columns-is-layout-flex\">\n<div class=\"wp-block-column is-layout-flow wp-block-column-is-layout-flow\">\n<p><\/p>\n<\/div>\n\n\n\n<div class=\"wp-block-column is-layout-flow wp-block-column-is-layout-flow\"><\/div>\n<\/div>\n\n\n\n<p><\/p>\n\n\n\n<div class=\"wp-block-columns is-layout-flex wp-container-core-columns-is-layout-9d6595d7 wp-block-columns-is-layout-flex\">\n<div class=\"wp-block-column is-layout-flow wp-block-column-is-layout-flow\"><\/div>\n\n\n\n<div class=\"wp-block-column is-layout-flow wp-block-column-is-layout-flow\"><\/div>\n<\/div>\n\n\n\n<div class=\"wp-block-columns is-layout-flex wp-container-core-columns-is-layout-9d6595d7 wp-block-columns-is-layout-flex\">\n<div class=\"wp-block-column is-layout-flow wp-block-column-is-layout-flow\">\n<p><\/p>\n<\/div>\n\n\n\n<div class=\"wp-block-column is-layout-flow wp-block-column-is-layout-flow\">\n<p><\/p>\n<\/div>\n<\/div>\n\n\n\n<div class=\"wp-block-columns is-layout-flex wp-container-core-columns-is-layout-9d6595d7 wp-block-columns-is-layout-flex\">\n<div class=\"wp-block-column is-layout-flow wp-block-column-is-layout-flow\"><\/div>\n\n\n\n<div class=\"wp-block-column is-layout-flow wp-block-column-is-layout-flow\"><\/div>\n<\/div>\n","protected":false},"excerpt":{"rendered":"<p>Zu der \u201eReise ohne Wiederkehr\u201c hat mich meine Arbeit als Stattf\u00fchrer (Stolpersteine und Trier in der NS-Zeit) bei der Arbeitsgemeinschaft Frieden (AGF) inspiriert.Ein altes St\u00fcck Eichenholz symbolisiert die Bahnschwellen, die nach Auschwitz f\u00fchren, das Loch im Holz symbolisiert die Sichtschlitze in den Viehwaggons, der rote Koffer symbolisiert die letzte Habe eines kleinen M\u00e4dchens auf dem &hellip; <\/p>\n<p class=\"link-more\"><a href=\"https:\/\/anco-holzkunst.de\/?page_id=11\" class=\"more-link\"><span class=\"screen-reader-text\">\u201eMeine Kunst gegen Rechts\u201c <\/span>weiterlesen<\/a><\/p>\n","protected":false},"author":1,"featured_media":0,"parent":0,"menu_order":10,"comment_status":"closed","ping_status":"closed","template":"","meta":{"footnotes":""},"class_list":["post-11","page","type-page","status-publish","hentry"],"_links":{"self":[{"href":"https:\/\/anco-holzkunst.de\/index.php?rest_route=\/wp\/v2\/pages\/11","targetHints":{"allow":["GET"]}}],"collection":[{"href":"https:\/\/anco-holzkunst.de\/index.php?rest_route=\/wp\/v2\/pages"}],"about":[{"href":"https:\/\/anco-holzkunst.de\/index.php?rest_route=\/wp\/v2\/types\/page"}],"author":[{"embeddable":true,"href":"https:\/\/anco-holzkunst.de\/index.php?rest_route=\/wp\/v2\/users\/1"}],"replies":[{"embeddable":true,"href":"https:\/\/anco-holzkunst.de\/index.php?rest_route=%2Fwp%2Fv2%2Fcomments&post=11"}],"version-history":[{"count":95,"href":"https:\/\/anco-holzkunst.de\/index.php?rest_route=\/wp\/v2\/pages\/11\/revisions"}],"predecessor-version":[{"id":1799,"href":"https:\/\/anco-holzkunst.de\/index.php?rest_route=\/wp\/v2\/pages\/11\/revisions\/1799"}],"wp:attachment":[{"href":"https:\/\/anco-holzkunst.de\/index.php?rest_route=%2Fwp%2Fv2%2Fmedia&parent=11"}],"curies":[{"name":"wp","href":"https:\/\/api.w.org\/{rel}","templated":true}]}}