{"id":17,"date":"2020-08-19T08:00:20","date_gmt":"2020-08-19T08:00:20","guid":{"rendered":"https:\/\/anco-holzkunst.de\/?page_id=17"},"modified":"2020-08-30T22:43:14","modified_gmt":"2020-08-30T22:43:14","slug":"impressum-datenschutz","status":"publish","type":"page","link":"https:\/\/anco-holzkunst.de\/?page_id=17","title":{"rendered":"Impressum\/Datenschutz"},"content":{"rendered":"\n<h2 class=\"wp-block-heading\">Impressum<\/h2>\n\n\n\n<p>Angaben gem\u00e4\u00df \u00a7 5 TMG:<\/p>\n\n\n\n<p><strong>Name und Adresse:<\/strong><\/p>\n\n\n\n<p>Toni Schneider<br>Aacherstr. 24<br>54311 Trierweiler-Sirzenich<br>Telefon: +49 170 801 8502<\/p>\n\n\n\n<p><strong>Kontakt:<\/strong><br>Telefon: +49 170 801 8502<br>E-Mail: anco.holzkunst@gmail.com<\/p>\n\n\n\n<p><br><strong>Copyright:<\/strong><br>Bitte beachten Sie, dass alle hier ver\u00f6ffentlichten Bilder und Texte dem Urheberrecht und Eigentum von Toni Schneider unterliegen und nicht ohne schriftliche Genehmigung verwendet werden d\u00fcrfen.<\/p>\n\n\n\n<p><br><strong>Haftungsausschluss<\/strong><\/p>\n\n\n\n<p><br><strong>Haftung f\u00fcr Inhalte:<\/strong><br>Die Inhalte meiner Seiten wurden mit gr\u00f6\u00dfter Sorgfalt erstellt. F\u00fcr die Richtigkeit, Vollst\u00e4ndigkeit und Aktualit\u00e4t der Inhalte kann ich jedoch keine Gew\u00e4hr \u00fcbernehmen. Als Diensteanbieter bin ich gem\u00e4\u00df \u00a7 7 Abs. 1 TMG f\u00fcr eigene Inhalte auf diesen Seiten nach den allgemeinen Gesetzen verantwortlich. Nach \u00a7\u00a78 bis 10 TMG bin ich als Diensteanbieter jedoch nicht verpflichtet, \u00fcbermittelte oder gespeicherte fremde Informationen zu \u00fcberwachen oder nach Umst\u00e4nden zu forschen, die auf eine rechtswidrige T\u00e4tigkeit hinweisen. Verpflichtungen zur Entfernung oder Sperrung der Nutzung von Informationen nach den allgemeinen Gesetzen bleiben hiervon unber\u00fchrt. Eine diesbez\u00fcgliche Haftung ist jedoch erst ab dem Zeitpunkt der Kenntnis einer konkreten Rechtsverletzung m\u00f6glich. Bei Bekanntwerden von entsprechenden Rechtsverletzungen werde ich diese Inhalte umgehend entfernen.<\/p>\n\n\n\n<p><br><strong>Haftung f\u00fcr Links:<\/strong><br>Mein Angebot enth\u00e4lt z.Zt. keine Links zu externen Webseiten Dritter, auf deren Inhalt ich keinen Einfluss habe.<\/p>\n\n\n\n<p><br><strong>Urheberrecht:<\/strong><br>Die durch den Seitenbetreiber erstellten Inhalte und Werke auf diesen Seiten unterliegen dem deutsche Urheberrecht. Die Vervielf\u00e4ltigung, Bearbeitung, Verbreitung und jede Art der Verwertung au\u00dferhalb der Grenzen des Urheberrechts bed\u00fcrfen der schriftlichen Zustimmung des jeweiligen Autors bzw. Erstellers. Downloads und Kopien dieser Seiten sind nur f\u00fcr den privaten, nicht kommerziellen Gebrauch gestattet. Soweit die Inhalte auf dieser Seite nicht vom Betreiber erstellt wurden, werden die Urheberrechte Dritter beachtet. Insbesondere werden Inhalte Dritter als solche gekennzeichnet. Sollten Sie trotzdem auf eine Urheberrechtsverletzung aufmerksam werden, bitten ich Sie um einen entsprechenden Hinweis. Bei Bekanntwerden von Rechtsverletzungen werde ich derartige Inhalte umgehend entfernen.<\/p>\n\n\n\n<h2 class=\"wp-block-heading\">Datenschutzerkl\u00e4rung<\/h2>\n\n\n\n<h3 class=\"wp-block-heading\">Verantwortliche Stelle im Sinne der Datenschutzgesetze, insbesondere der EU-Datenschutzgrundverordnung, ist:<\/h3>\n\n\n\n<p>Toni Schneider<br>Aacherstr. 24<br>54311 Trierweiler-Sirzenich<br>Telefon: 0651 8 30 40<br>E-Mail: toni.sabine.schneider@t-online.de<\/p>\n\n\n\n<p>E-Mails und personengebundene Daten, die Sie an mich senden, werden absolut vertraulich behandelt und nicht an Dritte weitergegeben.<br>Die Nutzung meiner Webseite ist ohne Angabe personengebundener Daten m\u00f6glich.<br>Ich weise darauf hin, dass die Daten\u00fcbertragung im Internet (z.B. bei der Kommunikation per E-Mail) Sicherheitsl\u00fccken aufweisen kann. Ein l\u00fcckenloser Schutz der Daten vor dem Zugriff durch Dritte ist nicht m\u00f6glich.<br>Die Nutzung von im Rahmen der Impressumspflicht ver\u00f6ffentlichten Kontaktdaten durch Dritte zur \u00dcbersendung von nicht ausdr\u00fccklich angeforderter Werbung und Informationsmaterialien wird hiermit ausdr\u00fccklich widersprochen. Der Betreiber der Seite beh\u00e4lt sich ausdr\u00fccklich rechtliche Schritte im Falle einer unverlangten Zusendung von Werbeinformationen, etwa durch Spam-Mails vor.<\/p>\n\n\n\n<p><strong>Server-Log-Dateien<\/strong><br>In Server-Log-Dateien erhebt und speichert der Provider der Website automatisch Infomrationen, die Ihr Browser automatisch an mich \u00fcbermittelt. Dies sind:<br>Name der abgerufenen Website<br>Datei, Datum und Uhrzeit des Abrufs<br>Datenmenge, die \u00fcbertragen wurde<br>Meldung \u00fcber den erfolgreichen Abruf<br>Browsertyp und Browserversion<br>Verwendetes Betriebssystem<br>URL der zuvor besuchten Website<br>Hostname des zugreifenden Rechners<br>Anfragender Provider<br>IP-Adresse<br>Diese Daten werden von mir nicht analysiert und es findet keine Zusammenf\u00fchrung dieser Daten mit anderen Datenquellen statt.<\/p>\n\n\n\n<p>Provider: STRATO AG<br>Pascalstr. 10<br>10587 Berling<br>www.strato.de<\/p>\n\n\n\n<p>Content-Management-System: WordPress<\/p>\n\n\n\n<p>Google Analytics, Tracking, Statistic-Tools<br>Eine Nutzung dieser Webseite durch Google Analytics, einen Webanalysedienst der Google Inc. (\u201eGoogle\u201c) ist z.Zt. nicht m\u00f6glich. Sogenannte \u201eCookies\u201c, Textdateien, die auf Ihrem Computer gespeichert werden und die eine Analyse der Benutzung der Website durch Sie erm\u00f6glicht, sind z.Zt. auf meiner Webseite nicht m\u00f6glich. Cookies im Zusammenhang mit Tracking und Statistic-Tools sind nicht im Einsatz.<\/p>\n","protected":false},"excerpt":{"rendered":"<p>Impressum Angaben gem\u00e4\u00df \u00a7 5 TMG: Name und Adresse: Toni SchneiderAacherstr. 2454311 Trierweiler-SirzenichTelefon: +49 170 801 8502 Kontakt:Telefon: +49 170 801 8502E-Mail: anco.holzkunst@gmail.com Copyright:Bitte beachten Sie, dass alle hier ver\u00f6ffentlichten Bilder und Texte dem Urheberrecht und Eigentum von Toni Schneider unterliegen und nicht ohne schriftliche Genehmigung verwendet werden d\u00fcrfen. Haftungsausschluss Haftung f\u00fcr Inhalte:Die Inhalte meiner &hellip; <\/p>\n<p class=\"link-more\"><a href=\"https:\/\/anco-holzkunst.de\/?page_id=17\" class=\"more-link\"><span class=\"screen-reader-text\">\u201eImpressum\/Datenschutz\u201c <\/span>weiterlesen<\/a><\/p>\n","protected":false},"author":1,"featured_media":0,"parent":0,"menu_order":40,"comment_status":"closed","ping_status":"closed","template":"","meta":{"footnotes":""},"class_list":["post-17","page","type-page","status-publish","hentry"],"_links":{"self":[{"href":"https:\/\/anco-holzkunst.de\/index.php?rest_route=\/wp\/v2\/pages\/17","targetHints":{"allow":["GET"]}}],"collection":[{"href":"https:\/\/anco-holzkunst.de\/index.php?rest_route=\/wp\/v2\/pages"}],"about":[{"href":"https:\/\/anco-holzkunst.de\/index.php?rest_route=\/wp\/v2\/types\/page"}],"author":[{"embeddable":true,"href":"https:\/\/anco-holzkunst.de\/index.php?rest_route=\/wp\/v2\/users\/1"}],"replies":[{"embeddable":true,"href":"https:\/\/anco-holzkunst.de\/index.php?rest_route=%2Fwp%2Fv2%2Fcomments&post=17"}],"version-history":[{"count":4,"href":"https:\/\/anco-holzkunst.de\/index.php?rest_route=\/wp\/v2\/pages\/17\/revisions"}],"predecessor-version":[{"id":205,"href":"https:\/\/anco-holzkunst.de\/index.php?rest_route=\/wp\/v2\/pages\/17\/revisions\/205"}],"wp:attachment":[{"href":"https:\/\/anco-holzkunst.de\/index.php?rest_route=%2Fwp%2Fv2%2Fmedia&parent=17"}],"curies":[{"name":"wp","href":"https:\/\/api.w.org\/{rel}","templated":true}]}}