{"id":5,"date":"2020-08-19T07:45:38","date_gmt":"2020-08-19T07:45:38","guid":{"rendered":"https:\/\/anco-holzkunst.de\/?page_id=5"},"modified":"2026-03-01T13:52:26","modified_gmt":"2026-03-01T13:52:26","slug":"home","status":"publish","type":"page","link":"https:\/\/anco-holzkunst.de\/","title":{"rendered":"Home"},"content":{"rendered":"\n<h2 class=\"wp-block-heading\">\u00dcber mich<\/h2>\n\n\n\n<p>Auf den Eifelh\u00f6hen nahe Trier lebe ich und liebe die Verbindung von Natur und Form. Dank sch\u00f6ner Mischw\u00e4lder in der Umgebung begleitet mich Holz seit Kindertagen. Vom rohen Stamm im Wald bis zum fertig bearbeiteten Kunstobjekt fasziniert mich die Vielfalt des Materials und seine Formbarkeit. Es mit anderen Naturmaterialien oder auch Edelstahl in immer neuen Variationen zu kombinieren, reizt mich und fordert meine Kreativit\u00e4t. Lassen Sie sich \u00fcberzeugen und \u00fcberraschen.<\/p>\n\n\n\n<p><\/p>\n\n\n\n<div class=\"wp-block-columns is-layout-flex wp-container-core-columns-is-layout-9d6595d7 wp-block-columns-is-layout-flex\">\n<div class=\"wp-block-column is-layout-flow wp-block-column-is-layout-flow\">\n<div class=\"wp-block-columns is-layout-flex wp-container-core-columns-is-layout-9d6595d7 wp-block-columns-is-layout-flex\">\n<div class=\"wp-block-column is-layout-flow wp-block-column-is-layout-flow\"><\/div>\n<\/div>\n<\/div>\n<\/div>\n\n\n\n<div class=\"wp-block-columns is-layout-flex wp-container-core-columns-is-layout-9d6595d7 wp-block-columns-is-layout-flex\">\n<div class=\"wp-block-column is-layout-flow wp-block-column-is-layout-flow\"><\/div>\n<\/div>\n\n\n\n<div class=\"wp-block-columns is-layout-flex wp-container-core-columns-is-layout-9d6595d7 wp-block-columns-is-layout-flex\">\n<div class=\"wp-block-column is-layout-flow wp-block-column-is-layout-flow\"><\/div>\n<\/div>\n\n\n\n<div class=\"wp-block-columns is-layout-flex wp-container-core-columns-is-layout-9d6595d7 wp-block-columns-is-layout-flex\">\n<div class=\"wp-block-column is-layout-flow wp-block-column-is-layout-flow\" style=\"flex-basis:25%\"><\/div>\n\n\n\n<div class=\"wp-block-column is-layout-flow wp-block-column-is-layout-flow\" style=\"flex-basis:50%\"><\/div>\n\n\n\n<div class=\"wp-block-column is-layout-flow wp-block-column-is-layout-flow\" style=\"flex-basis:25%\"><\/div>\n<\/div>\n\n\n\n<div class=\"wp-block-columns is-layout-flex wp-container-core-columns-is-layout-9d6595d7 wp-block-columns-is-layout-flex\">\n<div class=\"wp-block-column is-layout-flow wp-block-column-is-layout-flow\"><\/div>\n<\/div>\n\n\n\n<div class=\"wp-block-columns is-layout-flex wp-container-core-columns-is-layout-9d6595d7 wp-block-columns-is-layout-flex\">\n<div class=\"wp-block-column is-layout-flow wp-block-column-is-layout-flow\" style=\"flex-basis:25%\"><\/div>\n\n\n\n<div class=\"wp-block-column is-layout-flow wp-block-column-is-layout-flow\" style=\"flex-basis:50%\">\n<figure class=\"wp-block-image size-large\"><img loading=\"lazy\" decoding=\"async\" width=\"724\" height=\"1024\" src=\"https:\/\/anco-holzkunst.de\/wp-content\/uploads\/2026\/01\/Tag-der-offenen-Tuer-724x1024.jpg\" alt=\"\" class=\"wp-image-1677\" srcset=\"https:\/\/anco-holzkunst.de\/wp-content\/uploads\/2026\/01\/Tag-der-offenen-Tuer-724x1024.jpg 724w, https:\/\/anco-holzkunst.de\/wp-content\/uploads\/2026\/01\/Tag-der-offenen-Tuer-212x300.jpg 212w, https:\/\/anco-holzkunst.de\/wp-content\/uploads\/2026\/01\/Tag-der-offenen-Tuer-768x1086.jpg 768w, https:\/\/anco-holzkunst.de\/wp-content\/uploads\/2026\/01\/Tag-der-offenen-Tuer-1086x1536.jpg 1086w, https:\/\/anco-holzkunst.de\/wp-content\/uploads\/2026\/01\/Tag-der-offenen-Tuer-1448x2048.jpg 1448w, https:\/\/anco-holzkunst.de\/wp-content\/uploads\/2026\/01\/Tag-der-offenen-Tuer-scaled.jpg 1810w\" sizes=\"auto, (max-width: 724px) 100vw, 724px\" \/><\/figure>\n<\/div>\n\n\n\n<div class=\"wp-block-column is-layout-flow wp-block-column-is-layout-flow\" style=\"flex-basis:25%\"><\/div>\n<\/div>\n\n\n\n<p><\/p>\n\n\n\n<div class=\"wp-block-columns is-layout-flex wp-container-core-columns-is-layout-9d6595d7 wp-block-columns-is-layout-flex\"><\/div>\n\n\n\n<p><\/p>\n\n\n\n<p><strong><mark style=\"background-color:#000000\" class=\"has-inline-color has-white-color\">Die Entstehungsphasen<\/mark> <mark style=\"background-color:#000000\" class=\"has-inline-color has-white-color\">einer Skulptur (Tutrix) im Garten<\/mark><\/strong><\/p>\n\n\n\n<div class=\"wp-block-columns is-layout-flex wp-container-core-columns-is-layout-9d6595d7 wp-block-columns-is-layout-flex\">\n<div class=\"wp-block-column is-layout-flow wp-block-column-is-layout-flow\">\n<p><mark style=\"background-color:#000000\" class=\"has-inline-color has-white-color\">Eine 15 m hohe Tanne war am Ende ihres Lebens angelangt. <br>Sie sollte aber nicht komplett abges\u00e4gt werden. 5 m blieben stehen.<br>Eine Skulptur im Garten sollte entstehen.<br>Ich stellte mich der Herausforderung. Den Verlauf und das Ergebnis seht ihr hier:<\/mark><\/p>\n<\/div>\n<\/div>\n\n\n\n<div class=\"wp-block-columns is-layout-flex wp-container-core-columns-is-layout-9d6595d7 wp-block-columns-is-layout-flex\">\n<div class=\"wp-block-column is-layout-flow wp-block-column-is-layout-flow\">\n<figure class=\"wp-block-image size-large\"><a href=\"https:\/\/anco-holzkunst.de\/wp-content\/uploads\/2024\/08\/Der-Ursprung-scaled.jpg\"><img loading=\"lazy\" decoding=\"async\" width=\"768\" height=\"1024\" src=\"https:\/\/anco-holzkunst.de\/wp-content\/uploads\/2024\/08\/Der-Ursprung-768x1024.jpg\" alt=\"\" class=\"wp-image-1505\" srcset=\"https:\/\/anco-holzkunst.de\/wp-content\/uploads\/2024\/08\/Der-Ursprung-768x1024.jpg 768w, https:\/\/anco-holzkunst.de\/wp-content\/uploads\/2024\/08\/Der-Ursprung-225x300.jpg 225w, https:\/\/anco-holzkunst.de\/wp-content\/uploads\/2024\/08\/Der-Ursprung-1152x1536.jpg 1152w, https:\/\/anco-holzkunst.de\/wp-content\/uploads\/2024\/08\/Der-Ursprung-1536x2048.jpg 1536w, https:\/\/anco-holzkunst.de\/wp-content\/uploads\/2024\/08\/Der-Ursprung-scaled.jpg 1920w\" sizes=\"auto, (max-width: 767px) 89vw, (max-width: 1000px) 54vw, (max-width: 1071px) 543px, 580px\" \/><\/a><\/figure>\n<\/div>\n\n\n\n<div class=\"wp-block-column is-layout-flow wp-block-column-is-layout-flow\">\n<figure class=\"wp-block-image size-large\"><a href=\"https:\/\/anco-holzkunst.de\/wp-content\/uploads\/2024\/08\/Tutrix-1-scaled.jpg\"><img loading=\"lazy\" decoding=\"async\" width=\"768\" height=\"1024\" src=\"https:\/\/anco-holzkunst.de\/wp-content\/uploads\/2024\/08\/Tutrix-1-768x1024.jpg\" alt=\"\" class=\"wp-image-1506\" srcset=\"https:\/\/anco-holzkunst.de\/wp-content\/uploads\/2024\/08\/Tutrix-1-768x1024.jpg 768w, https:\/\/anco-holzkunst.de\/wp-content\/uploads\/2024\/08\/Tutrix-1-225x300.jpg 225w, https:\/\/anco-holzkunst.de\/wp-content\/uploads\/2024\/08\/Tutrix-1-1152x1536.jpg 1152w, https:\/\/anco-holzkunst.de\/wp-content\/uploads\/2024\/08\/Tutrix-1-1536x2048.jpg 1536w, https:\/\/anco-holzkunst.de\/wp-content\/uploads\/2024\/08\/Tutrix-1-scaled.jpg 1920w\" sizes=\"auto, (max-width: 767px) 89vw, (max-width: 1000px) 54vw, (max-width: 1071px) 543px, 580px\" \/><\/a><\/figure>\n<\/div>\n\n\n\n<div class=\"wp-block-column is-layout-flow wp-block-column-is-layout-flow\">\n<figure class=\"wp-block-image size-large\"><a href=\"https:\/\/anco-holzkunst.de\/wp-content\/uploads\/2024\/08\/Tutrix-2-scaled.jpg\"><img loading=\"lazy\" decoding=\"async\" width=\"768\" height=\"1024\" src=\"https:\/\/anco-holzkunst.de\/wp-content\/uploads\/2024\/08\/Tutrix-2-768x1024.jpg\" alt=\"\" class=\"wp-image-1507\" srcset=\"https:\/\/anco-holzkunst.de\/wp-content\/uploads\/2024\/08\/Tutrix-2-768x1024.jpg 768w, https:\/\/anco-holzkunst.de\/wp-content\/uploads\/2024\/08\/Tutrix-2-225x300.jpg 225w, https:\/\/anco-holzkunst.de\/wp-content\/uploads\/2024\/08\/Tutrix-2-1152x1536.jpg 1152w, https:\/\/anco-holzkunst.de\/wp-content\/uploads\/2024\/08\/Tutrix-2-1536x2048.jpg 1536w, https:\/\/anco-holzkunst.de\/wp-content\/uploads\/2024\/08\/Tutrix-2-scaled.jpg 1920w\" sizes=\"auto, (max-width: 767px) 89vw, (max-width: 1000px) 54vw, (max-width: 1071px) 543px, 580px\" \/><\/a><\/figure>\n<\/div>\n<\/div>\n\n\n\n<div class=\"wp-block-columns is-layout-flex wp-container-core-columns-is-layout-9d6595d7 wp-block-columns-is-layout-flex\">\n<div class=\"wp-block-column is-layout-flow wp-block-column-is-layout-flow\">\n<figure class=\"wp-block-image size-large\"><a href=\"https:\/\/anco-holzkunst.de\/wp-content\/uploads\/2024\/08\/Tutrix-4-scaled.jpg\"><img loading=\"lazy\" decoding=\"async\" width=\"768\" height=\"1024\" src=\"https:\/\/anco-holzkunst.de\/wp-content\/uploads\/2024\/08\/Tutrix-4-768x1024.jpg\" alt=\"\" class=\"wp-image-1508\" srcset=\"https:\/\/anco-holzkunst.de\/wp-content\/uploads\/2024\/08\/Tutrix-4-768x1024.jpg 768w, https:\/\/anco-holzkunst.de\/wp-content\/uploads\/2024\/08\/Tutrix-4-225x300.jpg 225w, https:\/\/anco-holzkunst.de\/wp-content\/uploads\/2024\/08\/Tutrix-4-1152x1536.jpg 1152w, https:\/\/anco-holzkunst.de\/wp-content\/uploads\/2024\/08\/Tutrix-4-1536x2048.jpg 1536w, https:\/\/anco-holzkunst.de\/wp-content\/uploads\/2024\/08\/Tutrix-4-scaled.jpg 1920w\" sizes=\"auto, (max-width: 767px) 89vw, (max-width: 1000px) 54vw, (max-width: 1071px) 543px, 580px\" \/><\/a><\/figure>\n<\/div>\n\n\n\n<div class=\"wp-block-column is-layout-flow wp-block-column-is-layout-flow\">\n<figure class=\"wp-block-image size-full\"><a href=\"https:\/\/anco-holzkunst.de\/wp-content\/uploads\/2024\/08\/Tutrix-5-rotated.jpg\"><img loading=\"lazy\" decoding=\"async\" width=\"480\" height=\"640\" src=\"https:\/\/anco-holzkunst.de\/wp-content\/uploads\/2024\/08\/Tutrix-5-rotated.jpg\" alt=\"\" class=\"wp-image-1509\" srcset=\"https:\/\/anco-holzkunst.de\/wp-content\/uploads\/2024\/08\/Tutrix-5-rotated.jpg 480w, https:\/\/anco-holzkunst.de\/wp-content\/uploads\/2024\/08\/Tutrix-5-225x300.jpg 225w\" sizes=\"auto, (max-width: 480px) 100vw, 480px\" \/><\/a><\/figure>\n<\/div>\n\n\n\n<div class=\"wp-block-column is-layout-flow wp-block-column-is-layout-flow\">\n<figure class=\"wp-block-image size-large\"><a href=\"https:\/\/anco-holzkunst.de\/wp-content\/uploads\/2024\/08\/Tutrix-6-scaled.jpg\"><img loading=\"lazy\" decoding=\"async\" width=\"768\" height=\"1024\" src=\"https:\/\/anco-holzkunst.de\/wp-content\/uploads\/2024\/08\/Tutrix-6-768x1024.jpg\" alt=\"\" class=\"wp-image-1510\" srcset=\"https:\/\/anco-holzkunst.de\/wp-content\/uploads\/2024\/08\/Tutrix-6-768x1024.jpg 768w, https:\/\/anco-holzkunst.de\/wp-content\/uploads\/2024\/08\/Tutrix-6-225x300.jpg 225w, https:\/\/anco-holzkunst.de\/wp-content\/uploads\/2024\/08\/Tutrix-6-1152x1536.jpg 1152w, https:\/\/anco-holzkunst.de\/wp-content\/uploads\/2024\/08\/Tutrix-6-1536x2048.jpg 1536w, https:\/\/anco-holzkunst.de\/wp-content\/uploads\/2024\/08\/Tutrix-6-scaled.jpg 1920w\" sizes=\"auto, (max-width: 767px) 89vw, (max-width: 1000px) 54vw, (max-width: 1071px) 543px, 580px\" \/><\/a><\/figure>\n<\/div>\n<\/div>\n\n\n\n<div class=\"wp-block-columns is-layout-flex wp-container-core-columns-is-layout-9d6595d7 wp-block-columns-is-layout-flex\">\n<div class=\"wp-block-column is-layout-flow wp-block-column-is-layout-flow\">\n<figure class=\"wp-block-image size-large\"><a href=\"https:\/\/anco-holzkunst.de\/wp-content\/uploads\/2024\/08\/Tutrix-7-scaled.jpg\"><img loading=\"lazy\" decoding=\"async\" width=\"422\" height=\"1024\" src=\"https:\/\/anco-holzkunst.de\/wp-content\/uploads\/2024\/08\/Tutrix-7-422x1024.jpg\" alt=\"\" class=\"wp-image-1511\" srcset=\"https:\/\/anco-holzkunst.de\/wp-content\/uploads\/2024\/08\/Tutrix-7-422x1024.jpg 422w, https:\/\/anco-holzkunst.de\/wp-content\/uploads\/2024\/08\/Tutrix-7-124x300.jpg 124w, https:\/\/anco-holzkunst.de\/wp-content\/uploads\/2024\/08\/Tutrix-7-768x1863.jpg 768w, https:\/\/anco-holzkunst.de\/wp-content\/uploads\/2024\/08\/Tutrix-7-633x1536.jpg 633w, https:\/\/anco-holzkunst.de\/wp-content\/uploads\/2024\/08\/Tutrix-7-844x2048.jpg 844w, https:\/\/anco-holzkunst.de\/wp-content\/uploads\/2024\/08\/Tutrix-7-scaled.jpg 1055w\" sizes=\"auto, (max-width: 422px) 100vw, 422px\" \/><\/a><\/figure>\n<\/div>\n\n\n\n<div class=\"wp-block-column is-layout-flow wp-block-column-is-layout-flow\">\n<figure class=\"wp-block-image size-full\"><a href=\"https:\/\/anco-holzkunst.de\/wp-content\/uploads\/2024\/08\/Tutrix-8-rotated.jpg\"><img loading=\"lazy\" decoding=\"async\" width=\"480\" height=\"640\" src=\"https:\/\/anco-holzkunst.de\/wp-content\/uploads\/2024\/08\/Tutrix-8-rotated.jpg\" alt=\"\" class=\"wp-image-1512\" srcset=\"https:\/\/anco-holzkunst.de\/wp-content\/uploads\/2024\/08\/Tutrix-8-rotated.jpg 480w, https:\/\/anco-holzkunst.de\/wp-content\/uploads\/2024\/08\/Tutrix-8-225x300.jpg 225w\" sizes=\"auto, (max-width: 480px) 100vw, 480px\" \/><\/a><\/figure>\n<\/div>\n<\/div>\n","protected":false},"excerpt":{"rendered":"<p>\u00dcber mich Auf den Eifelh\u00f6hen nahe Trier lebe ich und liebe die Verbindung von Natur und Form. Dank sch\u00f6ner Mischw\u00e4lder in der Umgebung begleitet mich Holz seit Kindertagen. Vom rohen Stamm im Wald bis zum fertig bearbeiteten Kunstobjekt fasziniert mich die Vielfalt des Materials und seine Formbarkeit. Es mit anderen Naturmaterialien oder auch Edelstahl in &hellip; <\/p>\n<p class=\"link-more\"><a href=\"https:\/\/anco-holzkunst.de\/\" class=\"more-link\"><span class=\"screen-reader-text\">\u201eHome\u201c <\/span>weiterlesen<\/a><\/p>\n","protected":false},"author":1,"featured_media":0,"parent":0,"menu_order":0,"comment_status":"closed","ping_status":"closed","template":"","meta":{"footnotes":""},"class_list":["post-5","page","type-page","status-publish","hentry"],"_links":{"self":[{"href":"https:\/\/anco-holzkunst.de\/index.php?rest_route=\/wp\/v2\/pages\/5","targetHints":{"allow":["GET"]}}],"collection":[{"href":"https:\/\/anco-holzkunst.de\/index.php?rest_route=\/wp\/v2\/pages"}],"about":[{"href":"https:\/\/anco-holzkunst.de\/index.php?rest_route=\/wp\/v2\/types\/page"}],"author":[{"embeddable":true,"href":"https:\/\/anco-holzkunst.de\/index.php?rest_route=\/wp\/v2\/users\/1"}],"replies":[{"embeddable":true,"href":"https:\/\/anco-holzkunst.de\/index.php?rest_route=%2Fwp%2Fv2%2Fcomments&post=5"}],"version-history":[{"count":65,"href":"https:\/\/anco-holzkunst.de\/index.php?rest_route=\/wp\/v2\/pages\/5\/revisions"}],"predecessor-version":[{"id":1802,"href":"https:\/\/anco-holzkunst.de\/index.php?rest_route=\/wp\/v2\/pages\/5\/revisions\/1802"}],"wp:attachment":[{"href":"https:\/\/anco-holzkunst.de\/index.php?rest_route=%2Fwp%2Fv2%2Fmedia&parent=5"}],"curies":[{"name":"wp","href":"https:\/\/api.w.org\/{rel}","templated":true}]}}